{"id":92,"date":"2018-04-05T15:23:30","date_gmt":"2018-04-05T13:23:30","guid":{"rendered":"http:\/\/www.naturfreunde-muenchen-ost.de\/wordpress\/?page_id=92"},"modified":"2018-04-05T15:23:30","modified_gmt":"2018-04-05T13:23:30","slug":"hinweise","status":"publish","type":"page","link":"https:\/\/www.naturfreunde-muenchen-ost.de\/wordpress\/hinweise\/","title":{"rendered":"Hinweise"},"content":{"rendered":"<h3 style=\"text-align: center;\">Haftungsausschlu\u00df<\/h3>\n<p style=\"text-align: center;\">\nMit Urteil vom 12. Mai 1998 hat das Landgericht Hamburg entschieden, dass<br \/>\nman durch die Ausbringung eines Links die Inhalte der gelinkten Seite ggf.<br \/>\nmit zu verantworten hat. Dies kann &#8211; so das Landgericht &#8211; nur dadurch<br \/>\nverhindert werden, dass man sich ausdr\u00fccklich von diesen Inhalten<br \/>\ndistanziert. Wir haben auf dieser Website Links zu anderen Seiten im<br \/>\nInternet gelegt. F\u00fcr all diese Links gilt: Wir m\u00f6chten ausdr\u00fccklich betonen,<br \/>\ndass wir keinerlei Einfluss auf die Gestaltung und die Inhalte der gelinkten<br \/>\nSeiten haben. Deshalb distanzieren wir uns hiermit ausdr\u00fccklich von allen<br \/>\nInhalten aller gelinkten Seiten auf dieser Website. Diese Erkl\u00e4rung gilt f\u00fcr<br \/>\nalle auf dieser Website ausgebrachten Links.<\/p>\n","protected":false},"excerpt":{"rendered":"<p>Haftungsausschlu\u00df Mit Urteil vom 12. Mai 1998 hat das Landgericht Hamburg entschieden, dass man durch die Ausbringung eines Links die Inhalte der gelinkten Seite ggf. mit zu verantworten hat. Dies kann &#8211; so das Landgericht &#8211; nur dadurch verhindert werden, &hellip; <a href=\"https:\/\/www.naturfreunde-muenchen-ost.de\/wordpress\/hinweise\/\">Weiterlesen <span class=\"meta-nav\">&rarr;<\/span><\/a><\/p>\n","protected":false},"author":1,"featured_media":0,"parent":0,"menu_order":0,"comment_status":"closed","ping_status":"closed","template":"","meta":{"footnotes":""},"class_list":["post-92","page","type-page","status-publish","hentry"],"_links":{"self":[{"href":"https:\/\/www.naturfreunde-muenchen-ost.de\/wordpress\/wp-json\/wp\/v2\/pages\/92","targetHints":{"allow":["GET"]}}],"collection":[{"href":"https:\/\/www.naturfreunde-muenchen-ost.de\/wordpress\/wp-json\/wp\/v2\/pages"}],"about":[{"href":"https:\/\/www.naturfreunde-muenchen-ost.de\/wordpress\/wp-json\/wp\/v2\/types\/page"}],"author":[{"embeddable":true,"href":"https:\/\/www.naturfreunde-muenchen-ost.de\/wordpress\/wp-json\/wp\/v2\/users\/1"}],"replies":[{"embeddable":true,"href":"https:\/\/www.naturfreunde-muenchen-ost.de\/wordpress\/wp-json\/wp\/v2\/comments?post=92"}],"version-history":[{"count":2,"href":"https:\/\/www.naturfreunde-muenchen-ost.de\/wordpress\/wp-json\/wp\/v2\/pages\/92\/revisions"}],"predecessor-version":[{"id":94,"href":"https:\/\/www.naturfreunde-muenchen-ost.de\/wordpress\/wp-json\/wp\/v2\/pages\/92\/revisions\/94"}],"wp:attachment":[{"href":"https:\/\/www.naturfreunde-muenchen-ost.de\/wordpress\/wp-json\/wp\/v2\/media?parent=92"}],"curies":[{"name":"wp","href":"https:\/\/api.w.org\/{rel}","templated":true}]}}