{"id":107,"date":"2018-04-05T15:37:47","date_gmt":"2018-04-05T13:37:47","guid":{"rendered":"http:\/\/www.naturfreunde-muenchen-ost.de\/wordpress\/?page_id=107"},"modified":"2018-04-05T16:18:03","modified_gmt":"2018-04-05T14:18:03","slug":"ortgruppe","status":"publish","type":"page","link":"https:\/\/www.naturfreunde-muenchen-ost.de\/wordpress\/ortgruppe\/","title":{"rendered":"Ortgruppe"},"content":{"rendered":"<p>Jeden Donnerstag ab 19:30 Uhr (au\u00dfer dem 2ten Donnerstag im Monat und an Feiertagen) findet unser Vereinsabend in der Gastst\u00e4tte Pallas Athene am Eissportzentrum M\u00fcnchen Ost in der Staudingerstr. 17 statt.<small><\/small><\/p>\n<p>Haben wir Euch neugierig gemacht? Dann besucht uns beim Vereinsabend oder nehmt mit unserem 1. Vorstand bzw. den entsprechenden Referenten Kontakt auf:<\/p>\n<table border=\"2\" cellspacing=\"2\" cellpadding=\"1\">\n<tbody>\n<tr>\n<td class=\"xl24\" height=\"34\">1. Vorstand<span class=\"font0\"><br \/>\nAndreas Witzl<\/span><\/td>\n<td class=\"xl25\"><a href=\"mailto:vorstand@naturfreunde-muenchen-ost.de\">vorstand[at]naturfreunde-muenchen-ost.de<\/a><\/td>\n<td class=\"xl26\">tel. 089\/43578595<\/td>\n<\/tr>\n<tr>\n<td class=\"xl27\" height=\"17\"><\/td>\n<td class=\"xl25\"><\/td>\n<td class=\"xl26\"><\/td>\n<\/tr>\n<tr>\n<td class=\"xl25\" height=\"17\">M\u00fcnchner Haus<\/td>\n<td class=\"xl25\"><a href=\"mailto:haus@naturfreunde-muenchen-ost.de\">haus<\/a><a href=\"mailto:vorstand@naturfreunde-muenchen-ost.de\">[at]<\/a><a href=\"mailto:haus@naturfreunde-muenchen-ost.de\">naturfreunde-muenchen-ost.de<\/a><\/td>\n<td class=\"xl26\"><\/td>\n<\/tr>\n<tr>\n<td class=\"xl25\" height=\"17\">Kinder und Jugend<\/td>\n<td class=\"xl25\"><a href=\"mailto:nf-og-ost.kids@freenet.de\">kids<\/a><a href=\"mailto:vorstand@naturfreunde-muenchen-ost.de\">[at]<\/a><a href=\"mailto:kids@naturfreunde-muenchen-ost.de\">naturfreunde-muenchen-ost.de<\/a><\/td>\n<td class=\"xl26\"><\/td>\n<\/tr>\n<tr>\n<td class=\"xl25\" height=\"17\">Kultur<\/td>\n<td class=\"xl25\"><a href=\"mailto:kultur@naturfreunde-muenchen-ost.de\">kultur<\/a><a href=\"mailto:vorstand@naturfreunde-muenchen-ost.de\">[at]<\/a><a href=\"mailto:kultur@naturfreunde-muenchen-ost.de\">naturfreunde-muenchen-ost.de<\/a><\/td>\n<td class=\"xl26\"><\/td>\n<\/tr>\n<tr>\n<td class=\"xl25\" height=\"17\">Presse<\/td>\n<td class=\"xl25\"><a href=\"mailto:presse@naturfreunde-muenchen-ost.de\">presse<\/a><a href=\"mailto:vorstand@naturfreunde-muenchen-ost.de\">[at]<\/a><a href=\"mailto:presse@naturfreunde-muenchen-ost.de\">naturfreunde-muenchen-ost.de<\/a><\/td>\n<td class=\"xl26\"><\/td>\n<\/tr>\n<tr>\n<td class=\"xl25\" height=\"17\">Sport<\/td>\n<td class=\"xl25\"><a href=\"mailto:nf-og-ost.sport@freenet.de\">sport<\/a><a href=\"mailto:vorstand@naturfreunde-muenchen-ost.de\">[at]<\/a><a href=\"mailto:sport@naturfreunde-muenchen-ost.de\">naturfreunde-muenchen-ost.de<\/a><\/td>\n<td class=\"xl26\"><\/td>\n<\/tr>\n<tr>\n<td class=\"xl25\" height=\"17\">Umwelt<\/td>\n<td class=\"xl25\"><a href=\"mailto:umwelt@naturfreunde-muenchen-ost.de\">umwelt<\/a><a href=\"mailto:vorstand@naturfreunde-muenchen-ost.de\">[at]<\/a><a href=\"mailto:umwelt@naturfreunde-muenchen-ost.de\">naturfreunde-muenchen-ost.de<\/a><\/td>\n<td class=\"xl26\"><\/td>\n<\/tr>\n<\/tbody>\n<\/table>\n","protected":false},"excerpt":{"rendered":"<p>Jeden Donnerstag ab 19:30 Uhr (au\u00dfer dem 2ten Donnerstag im Monat und an Feiertagen) findet unser Vereinsabend in der Gastst\u00e4tte Pallas Athene am Eissportzentrum M\u00fcnchen Ost in der Staudingerstr. 17 statt. Haben wir Euch neugierig gemacht? Dann besucht uns beim &hellip; <a href=\"https:\/\/www.naturfreunde-muenchen-ost.de\/wordpress\/ortgruppe\/\">Weiterlesen <span class=\"meta-nav\">&rarr;<\/span><\/a><\/p>\n","protected":false},"author":1,"featured_media":0,"parent":0,"menu_order":0,"comment_status":"closed","ping_status":"closed","template":"","meta":{"footnotes":""},"class_list":["post-107","page","type-page","status-publish","hentry"],"_links":{"self":[{"href":"https:\/\/www.naturfreunde-muenchen-ost.de\/wordpress\/wp-json\/wp\/v2\/pages\/107","targetHints":{"allow":["GET"]}}],"collection":[{"href":"https:\/\/www.naturfreunde-muenchen-ost.de\/wordpress\/wp-json\/wp\/v2\/pages"}],"about":[{"href":"https:\/\/www.naturfreunde-muenchen-ost.de\/wordpress\/wp-json\/wp\/v2\/types\/page"}],"author":[{"embeddable":true,"href":"https:\/\/www.naturfreunde-muenchen-ost.de\/wordpress\/wp-json\/wp\/v2\/users\/1"}],"replies":[{"embeddable":true,"href":"https:\/\/www.naturfreunde-muenchen-ost.de\/wordpress\/wp-json\/wp\/v2\/comments?post=107"}],"version-history":[{"count":2,"href":"https:\/\/www.naturfreunde-muenchen-ost.de\/wordpress\/wp-json\/wp\/v2\/pages\/107\/revisions"}],"predecessor-version":[{"id":138,"href":"https:\/\/www.naturfreunde-muenchen-ost.de\/wordpress\/wp-json\/wp\/v2\/pages\/107\/revisions\/138"}],"wp:attachment":[{"href":"https:\/\/www.naturfreunde-muenchen-ost.de\/wordpress\/wp-json\/wp\/v2\/media?parent=107"}],"curies":[{"name":"wp","href":"https:\/\/api.w.org\/{rel}","templated":true}]}}